{"id":1160,"date":"2022-09-02T08:37:53","date_gmt":"2022-09-02T06:37:53","guid":{"rendered":"https:\/\/smartbau.de\/products\/rooftop-insulation\/"},"modified":"2022-12-14T10:14:02","modified_gmt":"2022-12-14T09:14:02","slug":"rooftop-insulation","status":"publish","type":"page","link":"https:\/\/smartbau.de\/en\/products\/rooftop-insulation\/","title":{"rendered":"Rooftop insulation"},"content":{"rendered":"<p>[et_pb_section fb_built=&#8221;1&#8243; _builder_version=&#8221;4.19.3&#8243; _module_preset=&#8221;default&#8221; hover_enabled=&#8221;0&#8243; global_colors_info=&#8221;{}&#8221; sticky_enabled=&#8221;0&#8243;][et_pb_row column_structure=&#8221;1_2,1_2&#8243; _builder_version=&#8221;4.19.3&#8243; _module_preset=&#8221;default&#8221; hover_enabled=&#8221;0&#8243; global_colors_info=&#8221;{}&#8221; sticky_enabled=&#8221;0&#8243;][et_pb_column type=&#8221;1_2&#8243; _builder_version=&#8221;4.18.0&#8243; _module_preset=&#8221;default&#8221; global_colors_info=&#8221;{}&#8221;][et_pb_image src=&#8221;https:\/\/smartbau.de\/wp-content\/uploads\/Smartbau-50.jpg&#8221; title_text=&#8221;Smartbau-50&#8243; _builder_version=&#8221;4.19.2&#8243; _module_preset=&#8221;default&#8221; max_width=&#8221;600px&#8221; box_shadow_style=&#8221;preset4&#8243; box_shadow_color=&#8221;#96BF0D&#8221; global_colors_info=&#8221;{}&#8221;][\/et_pb_image][et_pb_text _builder_version=&#8221;4.18.0&#8243; _module_preset=&#8221;default&#8221; custom_margin=&#8221;2rem||||false|false&#8221; custom_css_main_element=&#8221;max-width:60ch;&#8221; global_colors_info=&#8221;{}&#8221;]<\/p>\n<h1>Rooftop insulation<\/h1>\n<p>Edge formation = tongue and groove<br \/>\nStandard = 2.4m x 1.0[\/et_pb_text][et_pb_text _builder_version=&#8221;4.19.3&#8243; _module_preset=&#8221;default&#8221; hover_enabled=&#8221;0&#8243; global_colors_info=&#8221;{}&#8221; disabled_on=&#8221;off|off|on&#8221; sticky_enabled=&#8221;0&#8243; custom_margin_last_edited=&#8221;on|tablet&#8221; custom_margin_phone=&#8221;2vh||||false|false&#8221; custom_margin_tablet=&#8221;2vh||||false|false&#8221; admin_label=&#8221;MOBILE-ONLY-Text&#8221;]<\/p>\n<h2>Technical data<\/h2>\n<p>[\/et_pb_text][dvmd_table_maker tbl_row_header_count=&#8221;0&#8243; tbl_responsive_display_as=&#8221;accordion&#8221; tbl_frame_type=&#8221;lines&#8221; tbl_frame_line_width=&#8221;0.05rem&#8221; tbl_stripes_active=&#8221;on&#8221; tbl_stripes_order=&#8221;odd&#8221; tbl_tcell_cell_align_horz=&#8221;center&#8221; tbl_tcell_cell_align_vert=&#8221;center&#8221; tbl_chead_cell_color=&#8221;#96BF0D&#8221; tbl_chead_cell_align_horz=&#8221;center&#8221; tbl_chead_cell_align_vert=&#8221;center&#8221; _builder_version=&#8221;4.19.3&#8243; _module_preset=&#8221;default&#8221; tbl_chead_text_font=&#8221;|700|||||||&#8221; tbl_chead_text_font_size=&#8221;1rem&#8221; background_color=&#8221;#4B4A4D&#8221; custom_margin=&#8221;2vh||||false|false&#8221; hover_enabled=&#8221;0&#8243; box_shadow_style=&#8221;preset3&#8243; box_shadow_blur=&#8221;25px&#8221; box_shadow_color=&#8221;RGBA(0,0,0,0.5)&#8221; locked=&#8221;off&#8221; global_colors_info=&#8221;{}&#8221; disabled_on=&#8221;off|off|on&#8221; sticky_enabled=&#8221;0&#8243; admin_label=&#8221;MOBILE-ONLY-Table Maker&#8221;][dvmd_table_maker_item col_label=&#8221;St\u00e4rke&#8221; col_content=&#8221;St\u00e4rke<br \/>\n80 mm<br \/>\n100 mm<br \/>\n120 mm<br \/>\n140 mm<br \/>\n160 mm<br \/>\n180 mm<br \/>\n200 mm<br \/>\n220 mm&#8221; col_column_max_width=&#8221;0.5fr&#8221; _builder_version=&#8221;4.19.2&#8243; _module_preset=&#8221;default&#8221; global_colors_info=&#8221;{}&#8221;][\/dvmd_table_maker_item][dvmd_table_maker_item col_label=&#8221;W\u00e4rmeleitf\u00e4higkeit&#8221; col_content=&#8221;W\u00e4rmeleitf\u00e4higkeit<br \/>\nWLG Alu (023) bzw Vlies (026\/27)<br \/>\nWLG Alu (023) bzw Vlies (026\/27)<br \/>\nWLG Alu (023) bzw Vlies (026\/27)<br \/>\nWLG Alu (023) bzw Vlies (026\/27)<br \/>\nWLG Alu (023) bzw Vlies (026\/27)<br \/>\nWLG Alu (023) bzw Vlies (026\/27)<br \/>\nWLG Alu (023) bzw Vlies (026\/27)<br \/>\nWLG Alu (023) bzw Vlies (026\/27)&#8221; col_column_max_width=&#8221;0.5fr&#8221; _builder_version=&#8221;4.19.2&#8243; _module_preset=&#8221;default&#8221; global_colors_info=&#8221;{}&#8221;][\/dvmd_table_maker_item][dvmd_table_maker_item col_label=&#8221;Beschichtung&#8221; col_content=&#8221;Beschichtung<br \/>\nBeidseitig Aluminium bzw. Mineralvlies<br \/>\nBeidseitig Aluminium bzw. Mineralvlies<br \/>\nBeidseitig Aluminium bzw. Mineralvlies<br \/>\nBeidseitig Aluminium bzw. Mineralvlies<br \/>\nBeidseitig Aluminium bzw. Mineralvlies<br \/>\nBeidseitig Aluminium bzw. Mineralvlies<br \/>\nBeidseitig Aluminium bzw. Mineralvlies<br \/>\nBeidseitig Aluminium bzw. Mineralvlies&#8221; col_column_max_width=&#8221;1fr&#8221; _builder_version=&#8221;4.19.2&#8243; _module_preset=&#8221;default&#8221; global_colors_info=&#8221;{}&#8221;][\/dvmd_table_maker_item][\/dvmd_table_maker][\/et_pb_column][et_pb_column type=&#8221;1_2&#8243; module_class=&#8221;vertical-align&#8221; _builder_version=&#8221;4.18.0&#8243; _module_preset=&#8221;default&#8221; custom_padding=&#8221;||||false|false&#8221; global_colors_info=&#8221;{}&#8221;][et_pb_text _builder_version=&#8221;4.18.0&#8243; _module_preset=&#8221;default&#8221; global_colors_info=&#8221;{}&#8221;]<\/p>\n\n<div class=\"wpcf7 no-js\" id=\"wpcf7-f1210-o1\" lang=\"en-US\" dir=\"ltr\">\n<div class=\"screen-reader-response\"><p role=\"status\" aria-live=\"polite\" aria-atomic=\"true\"><\/p> <ul><\/ul><\/div>\n<form action=\"\/en\/wp-json\/wp\/v2\/pages\/1160#wpcf7-f1210-o1\" method=\"post\" class=\"wpcf7-form init\" aria-label=\"Contact form\" novalidate=\"novalidate\" data-status=\"init\">\n<div style=\"display: none;\">\n<input type=\"hidden\" name=\"_wpcf7\" value=\"1210\" \/>\n<input type=\"hidden\" name=\"_wpcf7_version\" value=\"5.7.7\" \/>\n<input type=\"hidden\" name=\"_wpcf7_locale\" value=\"en_US\" \/>\n<input type=\"hidden\" name=\"_wpcf7_unit_tag\" value=\"wpcf7-f1210-o1\" \/>\n<input type=\"hidden\" name=\"_wpcf7_container_post\" value=\"0\" \/>\n<input type=\"hidden\" name=\"_wpcf7_posted_data_hash\" value=\"\" \/>\n<\/div>\n<div class=\"wps-form\">\n\t<div class=\"wps-form-row\">\n\t\t<div class=\"wps-form-column-left\">\n\t\t\t<p><span class=\"wpcf7-form-control-wrap\" data-name=\"Name\"><input size=\"40\" class=\"wpcf7-form-control wpcf7-text\" aria-invalid=\"false\" placeholder=\"Name\" value=\"\" type=\"text\" name=\"Name\" \/><\/span>\n\t\t\t<\/p>\n\t\t<\/div>\n\t\t<p><span id=\"wpcf7-69d037c8a7955-wrapper\" class=\"wpcf7-form-control-wrap website-wrap\" style=\"display:none !important; visibility:hidden !important;\"><input type=\"hidden\" name=\"website-time-start\" value=\"1775253448\"><input type=\"hidden\" name=\"website-time-check\" value=\"4\"><label for=\"wpcf7-69d037c8a7955-field\" class=\"hp-message\">Please leave this field empty.<\/label><input id=\"wpcf7-69d037c8a7955-field\"  class=\"wpcf7-form-control wpcf7-text\" type=\"text\" name=\"website\" value=\"\" size=\"40\" tabindex=\"-1\" autocomplete=\"new-password\" \/><\/span>\n\t\t<\/p>\n\t\t<div class=\"wps-form-column-right\">\n\t\t\t<p><span class=\"wpcf7-form-control-wrap\" data-name=\"E-Mail\"><input size=\"40\" class=\"wpcf7-form-control wpcf7-text wpcf7-email wpcf7-validates-as-required wpcf7-validates-as-email\" aria-required=\"true\" aria-invalid=\"false\" placeholder=\"E-mail (mandatory field)\" value=\"\" type=\"email\" name=\"E-Mail\" \/><\/span>\n\t\t\t<\/p>\n\t\t<\/div>\n\t<\/div>\n\t<p><span class=\"wpcf7-form-control-wrap\" data-name=\"Subject\"><input size=\"40\" class=\"wpcf7-form-control wpcf7-text\" aria-invalid=\"false\" placeholder=\"Subject\" value=\"\" type=\"text\" name=\"Subject\" \/><\/span><br \/>\n<span class=\"wpcf7-form-control-wrap\" data-name=\"Your_message\"><textarea cols=\"40\" rows=\"10\" class=\"wpcf7-form-control wpcf7-textarea\" aria-invalid=\"false\" placeholder=\"Your message\" name=\"Your_message\"><\/textarea><\/span>\n\t<\/p>\n\t<div class=\"ds-box\">\n\t\t<p class=\"datenschutz\"><br \/>\n<strong>Data protection<\/strong><br \/>\n<span class=\"wpcf7-form-control-wrap\" data-name=\"zustimmung-datenschutz\"><span class=\"wpcf7-form-control wpcf7-acceptance\"><span class=\"wpcf7-list-item\"><label><input type=\"checkbox\" name=\"zustimmung-datenschutz\" value=\"1\" aria-invalid=\"false\" \/><span class=\"wpcf7-list-item-label\">I agree that my details from the contact form are collected and processed in order to answer my enquiry. The data will be stored for 10 years or deleted upon request.\nNote: You can revoke your consent for the future at any time by e-mail. Detailed information on the handling of user data can be found in our <a href=\"\/datenschutz\/\">privacy policy<\/a>.<\/span><\/label><\/span><\/span><\/span>\n\t\t<\/p>\n\t<\/div>\n\t<p><input class=\"wpcf7-form-control has-spinner wpcf7-submit\" type=\"submit\" value=\"Send\" \/>\n\t<\/p>\n<\/div><div class=\"wpcf7-response-output\" aria-hidden=\"true\"><\/div>\n<\/form>\n<\/div>\n\n<p>[\/et_pb_text][\/et_pb_column][\/et_pb_row][et_pb_row _builder_version=&#8221;4.19.3&#8243; _module_preset=&#8221;default&#8221; custom_margin=&#8221;2rem||||false|false&#8221; hover_enabled=&#8221;0&#8243; global_colors_info=&#8221;{}&#8221; sticky_enabled=&#8221;0&#8243;][et_pb_column type=&#8221;4_4&#8243; _builder_version=&#8221;4.18.0&#8243; _module_preset=&#8221;default&#8221; global_colors_info=&#8221;{}&#8221;][et_pb_text _builder_version=&#8221;4.19.3&#8243; _module_preset=&#8221;default&#8221; hover_enabled=&#8221;0&#8243; global_colors_info=&#8221;{}&#8221; disabled_on=&#8221;on|on|off&#8221; sticky_enabled=&#8221;0&#8243;]<\/p>\n<h2>Technical data<\/h2>\n<p>[\/et_pb_text][dvmd_table_maker tbl_row_header_count=&#8221;0&#8243; tbl_responsive_display_as=&#8221;accordion&#8221; tbl_frame_type=&#8221;lines&#8221; tbl_frame_line_width=&#8221;0.05rem&#8221; tbl_stripes_active=&#8221;on&#8221; tbl_stripes_order=&#8221;odd&#8221; tbl_tcell_cell_align_horz=&#8221;center&#8221; tbl_tcell_cell_align_vert=&#8221;center&#8221; tbl_chead_cell_color=&#8221;#96BF0D&#8221; tbl_chead_cell_align_horz=&#8221;center&#8221; tbl_chead_cell_align_vert=&#8221;center&#8221; _builder_version=&#8221;4.19.3&#8243; _module_preset=&#8221;default&#8221; tbl_chead_text_font=&#8221;|700|||||||&#8221; tbl_chead_text_font_size=&#8221;1rem&#8221; background_color=&#8221;#4B4A4D&#8221; custom_margin=&#8221;2vh||||false|false&#8221; hover_enabled=&#8221;0&#8243; box_shadow_style=&#8221;preset3&#8243; box_shadow_blur=&#8221;25px&#8221; box_shadow_color=&#8221;RGBA(0,0,0,0.5)&#8221; locked=&#8221;off&#8221; global_colors_info=&#8221;{}&#8221; disabled_on=&#8221;on|on|off&#8221; sticky_enabled=&#8221;0&#8243;][dvmd_table_maker_item col_label=&#8221;St\u00e4rke&#8221; col_content=&#8221;St\u00e4rke<br \/>\n80 mm<br \/>\n100 mm<br \/>\n120 mm<br \/>\n140 mm<br \/>\n160 mm<br \/>\n180 mm<br \/>\n200 mm<br \/>\n220 mm&#8221; col_column_max_width=&#8221;0.5fr&#8221; _builder_version=&#8221;4.19.2&#8243; _module_preset=&#8221;default&#8221; global_colors_info=&#8221;{}&#8221;][\/dvmd_table_maker_item][dvmd_table_maker_item col_label=&#8221;W\u00e4rmeleitf\u00e4higkeit&#8221; col_content=&#8221;W\u00e4rmeleitf\u00e4higkeit<br \/>\nWLG Alu (023) bzw Vlies (026\/27)<br \/>\nWLG Alu (023) bzw Vlies (026\/27)<br \/>\nWLG Alu (023) bzw Vlies (026\/27)<br \/>\nWLG Alu (023) bzw Vlies (026\/27)<br \/>\nWLG Alu (023) bzw Vlies (026\/27)<br \/>\nWLG Alu (023) bzw Vlies (026\/27)<br \/>\nWLG Alu (023) bzw Vlies (026\/27)<br \/>\nWLG Alu (023) bzw Vlies (026\/27)&#8221; col_column_max_width=&#8221;0.5fr&#8221; _builder_version=&#8221;4.19.2&#8243; _module_preset=&#8221;default&#8221; global_colors_info=&#8221;{}&#8221;][\/dvmd_table_maker_item][dvmd_table_maker_item col_label=&#8221;Beschichtung&#8221; col_content=&#8221;Beschichtung<br \/>\nBeidseitig Aluminium bzw. Mineralvlies<br \/>\nBeidseitig Aluminium bzw. Mineralvlies<br \/>\nBeidseitig Aluminium bzw. Mineralvlies<br \/>\nBeidseitig Aluminium bzw. Mineralvlies<br \/>\nBeidseitig Aluminium bzw. Mineralvlies<br \/>\nBeidseitig Aluminium bzw. Mineralvlies<br \/>\nBeidseitig Aluminium bzw. Mineralvlies<br \/>\nBeidseitig Aluminium bzw. Mineralvlies&#8221; col_column_max_width=&#8221;1fr&#8221; _builder_version=&#8221;4.19.2&#8243; _module_preset=&#8221;default&#8221; global_colors_info=&#8221;{}&#8221;][\/dvmd_table_maker_item][\/dvmd_table_maker][\/et_pb_column][\/et_pb_row][\/et_pb_section]<\/p>\n","protected":false},"excerpt":{"rendered":"<p>Rooftop insulation Edge formation = tongue and groove Standard = 2.4m x 1.0Technical data<div class=\"et_pb_module dvmd_table_maker dvmd_table_maker_0 dvmd_tm_version_3_0_2\">\n\t\t\t\t\n\t\t\t\t\n\t\t\t\t\n\t\t\t\t\n\t\t\t\t\n\t\t\t\t\n\t\t\t\t<div class=\"et_pb_module_inner\">\n\t\t\t\t\t\n\t\t\t\t<\/div>\n\t\t\t<\/div><div class=\"dvmd_outer\">\n\t\t\t\t\n\t\t\t\t\n\t\t\t\t\n\t\t\t\t\n\t\t\t\t\n\t\t\t\t\n\t\t\t\t<div class=\"dvmd_inner\">\n\t\t\t\t\t\n\t\t\t\t<\/div>\n\t\t\t<\/div><\/p>\n","protected":false},"author":7,"featured_media":0,"parent":1157,"menu_order":100,"comment_status":"closed","ping_status":"closed","template":"","meta":{"_et_pb_use_builder":"on","_et_pb_old_content":"","_et_gb_content_width":""},"yoast_head":"<!-- This site is optimized with the Yoast SEO plugin v19.12 - https:\/\/yoast.com\/wordpress\/plugins\/seo\/ -->\n<title>Rooftop insulation - Smartbau<\/title>\n<meta name=\"robots\" content=\"index, follow, max-snippet:-1, max-image-preview:large, max-video-preview:-1\" \/>\n<link rel=\"canonical\" href=\"https:\/\/smartbau.de\/en\/products\/rooftop-insulation\/\" \/>\n<meta property=\"og:locale\" content=\"en_US\" \/>\n<meta property=\"og:type\" content=\"article\" \/>\n<meta property=\"og:title\" content=\"Rooftop insulation - Smartbau\" \/>\n<meta property=\"og:description\" content=\"Rooftop insulation Edge formation = tongue and groove Standard = 2.4m x 1.0Technical data\" \/>\n<meta property=\"og:url\" content=\"https:\/\/smartbau.de\/en\/products\/rooftop-insulation\/\" \/>\n<meta property=\"og:site_name\" content=\"Smartbau\" \/>\n<meta property=\"article:modified_time\" content=\"2022-12-14T09:14:02+00:00\" \/>\n<meta name=\"twitter:card\" content=\"summary_large_image\" \/>\n<meta name=\"twitter:label1\" content=\"Est. reading time\" \/>\n\t<meta name=\"twitter:data1\" content=\"4 minutes\" \/>\n<script type=\"application\/ld+json\" class=\"yoast-schema-graph\">{\"@context\":\"https:\/\/schema.org\",\"@graph\":[{\"@type\":\"WebPage\",\"@id\":\"https:\/\/smartbau.de\/en\/products\/rooftop-insulation\/\",\"url\":\"https:\/\/smartbau.de\/en\/products\/rooftop-insulation\/\",\"name\":\"Rooftop insulation - Smartbau\",\"isPartOf\":{\"@id\":\"https:\/\/smartbau.de\/en\/#website\"},\"datePublished\":\"2022-09-02T06:37:53+00:00\",\"dateModified\":\"2022-12-14T09:14:02+00:00\",\"breadcrumb\":{\"@id\":\"https:\/\/smartbau.de\/en\/products\/rooftop-insulation\/#breadcrumb\"},\"inLanguage\":\"en-US\",\"potentialAction\":[{\"@type\":\"ReadAction\",\"target\":[\"https:\/\/smartbau.de\/en\/products\/rooftop-insulation\/\"]}]},{\"@type\":\"BreadcrumbList\",\"@id\":\"https:\/\/smartbau.de\/en\/products\/rooftop-insulation\/#breadcrumb\",\"itemListElement\":[{\"@type\":\"ListItem\",\"position\":1,\"name\":\"Home\",\"item\":\"https:\/\/smartbau.de\/en\/\"},{\"@type\":\"ListItem\",\"position\":2,\"name\":\"Products\",\"item\":\"https:\/\/smartbau.de\/en\/products\/\"},{\"@type\":\"ListItem\",\"position\":3,\"name\":\"Rooftop insulation\"}]},{\"@type\":\"WebSite\",\"@id\":\"https:\/\/smartbau.de\/en\/#website\",\"url\":\"https:\/\/smartbau.de\/en\/\",\"name\":\"Smartbau\",\"description\":\"Industried\u00e4mmstoffe\",\"potentialAction\":[{\"@type\":\"SearchAction\",\"target\":{\"@type\":\"EntryPoint\",\"urlTemplate\":\"https:\/\/smartbau.de\/en\/?s={search_term_string}\"},\"query-input\":\"required name=search_term_string\"}],\"inLanguage\":\"en-US\"}]}<\/script>\n<!-- \/ Yoast SEO plugin. -->","yoast_head_json":{"title":"Rooftop insulation - Smartbau","robots":{"index":"index","follow":"follow","max-snippet":"max-snippet:-1","max-image-preview":"max-image-preview:large","max-video-preview":"max-video-preview:-1"},"canonical":"https:\/\/smartbau.de\/en\/products\/rooftop-insulation\/","og_locale":"en_US","og_type":"article","og_title":"Rooftop insulation - Smartbau","og_description":"Rooftop insulation Edge formation = tongue and groove Standard = 2.4m x 1.0Technical data","og_url":"https:\/\/smartbau.de\/en\/products\/rooftop-insulation\/","og_site_name":"Smartbau","article_modified_time":"2022-12-14T09:14:02+00:00","twitter_card":"summary_large_image","twitter_misc":{"Est. reading time":"4 minutes"},"schema":{"@context":"https:\/\/schema.org","@graph":[{"@type":"WebPage","@id":"https:\/\/smartbau.de\/en\/products\/rooftop-insulation\/","url":"https:\/\/smartbau.de\/en\/products\/rooftop-insulation\/","name":"Rooftop insulation - Smartbau","isPartOf":{"@id":"https:\/\/smartbau.de\/en\/#website"},"datePublished":"2022-09-02T06:37:53+00:00","dateModified":"2022-12-14T09:14:02+00:00","breadcrumb":{"@id":"https:\/\/smartbau.de\/en\/products\/rooftop-insulation\/#breadcrumb"},"inLanguage":"en-US","potentialAction":[{"@type":"ReadAction","target":["https:\/\/smartbau.de\/en\/products\/rooftop-insulation\/"]}]},{"@type":"BreadcrumbList","@id":"https:\/\/smartbau.de\/en\/products\/rooftop-insulation\/#breadcrumb","itemListElement":[{"@type":"ListItem","position":1,"name":"Home","item":"https:\/\/smartbau.de\/en\/"},{"@type":"ListItem","position":2,"name":"Products","item":"https:\/\/smartbau.de\/en\/products\/"},{"@type":"ListItem","position":3,"name":"Rooftop insulation"}]},{"@type":"WebSite","@id":"https:\/\/smartbau.de\/en\/#website","url":"https:\/\/smartbau.de\/en\/","name":"Smartbau","description":"Industried\u00e4mmstoffe","potentialAction":[{"@type":"SearchAction","target":{"@type":"EntryPoint","urlTemplate":"https:\/\/smartbau.de\/en\/?s={search_term_string}"},"query-input":"required name=search_term_string"}],"inLanguage":"en-US"}]}},"_links":{"self":[{"href":"https:\/\/smartbau.de\/en\/wp-json\/wp\/v2\/pages\/1160"}],"collection":[{"href":"https:\/\/smartbau.de\/en\/wp-json\/wp\/v2\/pages"}],"about":[{"href":"https:\/\/smartbau.de\/en\/wp-json\/wp\/v2\/types\/page"}],"author":[{"embeddable":true,"href":"https:\/\/smartbau.de\/en\/wp-json\/wp\/v2\/users\/7"}],"replies":[{"embeddable":true,"href":"https:\/\/smartbau.de\/en\/wp-json\/wp\/v2\/comments?post=1160"}],"version-history":[{"count":2,"href":"https:\/\/smartbau.de\/en\/wp-json\/wp\/v2\/pages\/1160\/revisions"}],"predecessor-version":[{"id":1162,"href":"https:\/\/smartbau.de\/en\/wp-json\/wp\/v2\/pages\/1160\/revisions\/1162"}],"up":[{"embeddable":true,"href":"https:\/\/smartbau.de\/en\/wp-json\/wp\/v2\/pages\/1157"}],"wp:attachment":[{"href":"https:\/\/smartbau.de\/en\/wp-json\/wp\/v2\/media?parent=1160"}],"curies":[{"name":"wp","href":"https:\/\/api.w.org\/{rel}","templated":true}]}}